{"id":473,"date":"2014-04-14T20:47:33","date_gmt":"2014-04-14T20:47:33","guid":{"rendered":"http:\/\/kefea.org.cy\/links-3\/"},"modified":"2014-05-16T08:59:57","modified_gmt":"2014-05-16T08:59:57","slug":"links","status":"publish","type":"page","link":"http:\/\/kefea.org.cy\/el\/links\/","title":{"rendered":"\u03a3\u03cd\u03bd\u03b4\u03b5\u03c3\u03bc\u03bf\u03b9"},"content":{"rendered":"<p>[et_pb_section background_color=&#8221;#ac3d70&#8243; inner_shadow=&#8221;on&#8221; fullwidth=&#8221;on&#8221; parallax=&#8221;off&#8221; background_image=&#8221;http:\/\/kefea.org.cy\/wp-content\/uploads\/2014\/04\/bg_plain.gif&#8221;][et_pb_fullwidth_header admin_label=&#8221;Fullwidth Header&#8221; title=&#8221;\u03a3\u03cd\u03bd\u03b4\u03b5\u03c3\u03bc\u03bf\u03b9&#8221; background_layout=&#8221;dark&#8221; text_orientation=&#8221;left&#8221; subhead=&#8221;\u0394\u03b9\u03ac\u03c6\u03bf\u03c1\u03b5\u03c2 \u03ac\u03bb\u03bb\u03b5\u03c2 \u03b9\u03c3\u03c4\u03bf\u03c3\u03b5\u03bb\u03af\u03b4\u03b5\u03c2 \u03c0\u03bf\u03c5 \u03bc\u03c0\u03bf\u03c1\u03b5\u03af\u03c4\u03b5 \u03bd\u03b1 \u03b2\u03c1\u03b5\u03af\u03c4\u03b5 \u03c7\u03c1\u03ae\u03c3\u03b9\u03bc\u03b5\u03c2!&#8221; \/][\/et_pb_section][et_pb_section fullwidth=&#8221;off&#8221;][et_pb_row][et_pb_column type=&#8221;4_4&#8243;][et_pb_image admin_label=&#8221;Image&#8221; src=&#8221;http:\/\/kefea.org.cy\/wp-content\/uploads\/2014\/04\/links2.jpg&#8221; url_new_window=&#8221;off&#8221; animation=&#8221;left&#8221; \/][\/et_pb_column][\/et_pb_row][et_pb_row][et_pb_column type=&#8221;1_3&#8243;][et_pb_text admin_label=&#8221;Text&#8221; background_layout=&#8221;light&#8221; text_orientation=&#8221;left&#8221;]<\/p>\n<ul>\n<li><a class=\"list\" href=\"http:\/\/www.efpia.org\" target=\"_blank\"><span class=\"titlos\">EFPIA<\/span><\/a><br \/>\nDescription: European Federation of Pharmaceutical Industries and Associations<\/li>\n<li><a class=\"list\" href=\"http:\/\/www.ifpma.org\" target=\"_blank\"><span class=\"titlos\">IFPMA<\/span><\/a><br \/>\nDescription: International Federation of Pharmaceutical Manufacturers Association<\/li>\n<li><a class=\"list\" href=\"http:\/\/www.phrma.org\" target=\"_blank\"><span class=\"titlos\">PhRMA<\/span><\/a><br \/>\nDescription: Pharmaceutical Research and Manufacturers of America<\/li>\n<\/ul>\n<p><b>AGENCIES<\/b><\/p>\n<ul>\n<li><a class=\"list\" href=\"http:\/\/ec.europa.eu\" target=\"_blank\"><span class=\"titlos\">European Commisssion<\/span><\/a><\/li>\n<li><a class=\"list\" href=\"http:\/\/www.who.int\" target=\"_blank\"><span class=\"titlos\">WHO<\/span><\/a><br \/>\nDescription: World Health Organisation<\/li>\n<li><a class=\"list\" href=\"http:\/\/www.emea.org\" target=\"_blank\"><span class=\"titlos\">EMEA<\/span><\/a><br \/>\nDescription : European Medicines Agency<\/li>\n<li><a class=\"list\" href=\"http:\/\/www.fda.org\" target=\"_blank\"><span class=\"titlos\">FDA<\/span><\/a><br \/>\nDescription : U.S. Food and Drug Administration<\/li>\n<li><a class=\"list\" href=\"http:\/\/www.hma.eu\" target=\"_blank\"><span class=\"titlos\">HMA<\/span><\/a><br \/>\nDescription : Heads of Medicines Agencies<\/li>\n<\/ul>\n<p><b>CYPRUS WEB LINKS<\/b><\/p>\n<ul>\n<li><a class=\"list\" href=\"http:\/\/www.cyprus.gov.cy \" target=\"_blank\"><span class=\"titlos\">Republic of Cyprus <\/span><\/a><\/li>\n<li><a class=\"list\" href=\"http:\/\/www.moh.gov.cy\" target=\"_blank\"><span class=\"titlos\">Ministry of Health<\/span><\/a><\/li>\n<li><a class=\"list\" href=\"http:\/\/www.moh.gov.cy\/phs\" target=\"_blank\"><span class=\"titlos\">Pharmaceutical Services<\/span><\/a><\/li>\n<li><!---a href=\"http:\/\/www.fda.org\" target=\"_blank\" class=\"list\"----><span class=\"titlos\">Medical Association<\/span><!--\/a---><\/li>\n<li><a class=\"list\" href=\"http:\/\/www.cpa.org.cy\" target=\"_blank\"><span class=\"titlos\">Pharmaceutical Association<\/span><\/a><\/li>\n<\/ul>\n<p>[\/et_pb_text][\/et_pb_column][et_pb_column type=&#8221;1_3&#8243;][et_pb_text admin_label=&#8221;Text&#8221; background_layout=&#8221;light&#8221; text_orientation=&#8221;left&#8221;]<b>GREEK WEB LINKS<\/b><\/p>\n<ul>\n<li><a class=\"list\" href=\"http:\/\/www.ypyp.gr\" target=\"_blank\"><span class=\"titlos\">Ministry of Health &amp; Welfare<\/span><\/a><br \/>\nDescription: Ministry of Health &amp; Welfare<\/li>\n<li><a class=\"list\" href=\"http:\/\/www.eof.gr\" target=\"_blank\"><span class=\"titlos\">National Organization of Medicines (EOF)<\/span><\/a><br \/>\nDescription: National Organization of Medicines<\/li>\n<li><a class=\"list\" href=\"http:\/\/www.ypan.gr\/index_c_cms.htm\" target=\"_blank\"><span class=\"titlos\">Ministry of Development<\/span><\/a><br \/>\nDescription: Ministry of Development&gt;<\/li>\n<li><a class=\"list\" href=\"http:\/\/\u00a0\" target=\"_blank\"><span class=\"titlos\">Panhellenic Associations of Pharmacies<\/span><\/a><br \/>\nDescription: The official site of the Panhellenic Associations of Pharmacies<\/li>\n<li><a class=\"list\" href=\"http:\/\/www.osfe.gr\/index.jsp\" target=\"_blank\"><span class=\"titlos\">I.S.Co.Phar<\/span><\/a><br \/>\nDescription: Federation of Pharmacists Cooperation<\/li>\n<\/ul>\n<p><b>IMPORTANT LINKS<\/b><\/p>\n<ul>\n<li><a class=\"list\" href=\"http:\/\/www.emea.eu.int\/pdfs\/human\/press\/pr\/026904.pdf\" target=\"_blank\"><span class=\"titlos\">CHMP<\/span><\/a><br \/>\nDescription: Committee for human medicinal products&gt;<\/li>\n<li><a class=\"list\" href=\"http:\/\/http:\/\/www.picscheme.org\/\" target=\"_blank\"><span class=\"titlos\">PIC\/S<\/span><\/a><br \/>\nDescription: Pharmaceutical Inspection Convention (PIC) and the Pharmaceutical Inspection Co-operation Scheme (PIC Scheme)<\/li>\n<li><a class=\"list\" href=\"http:\/\/europa.eu.int\/eur-lex\/en\/oj\/\" target=\"_blank\"><span class=\"titlos\">EUR-Lex<\/span><\/a><br \/>\nDescription: The EUR-Lex website publishes the whole body of European Union law, and in particular the legislation and the case law, as well as the decisional procedures between the Commission and the other institutions.<\/li>\n<li><a class=\"list\" href=\"http:\/\/www.ifpma.org\/\" target=\"_blank\"><span class=\"titlos\">ICH &#8211; International Conference on Harmonisation<\/span><\/a><br \/>\nDescription: Technical Requirements for Registration of Pharmaceuticals for Human usemap<\/li>\n<li><a class=\"list\" href=\"http:\/\/www.europarl.eu.int\/\" target=\"_blank\"><span class=\"titlos\">European Parliament<\/span><\/a><br \/>\nDescription: European Parliament<\/li>\n<\/ul>\n<p>[\/et_pb_text][\/et_pb_column][et_pb_column type=&#8221;1_3&#8243;][et_pb_text admin_label=&#8221;Text&#8221; background_layout=&#8221;light&#8221; text_orientation=&#8221;left&#8221;]<b>PHARMACEUTICAL ASSOCIATIONS<\/b><\/p>\n<ul>\n<li><a class=\"list\" href=\"http:\/\/www.pharmig.or.at\/\" target=\"_blank\"><span class=\"titlos\">AUSTRIA &#8211; PHARMING<\/span><\/a><br \/>\nDescription: Association of Pharmaceutical Companies in Austria<\/li>\n<li><a class=\"list\" href=\"http:\/\/www.apma.com.au\" target=\"_blank\"><span class=\"titlos\">AUSTRALIA-APMA<\/span><\/a><br \/>\nDescription: Australian Pharmaceutical Manufacturers Association Inc.<\/li>\n<li><a class=\"list\" href=\"http:\/\/www.pharma.be\/\" target=\"_blank\"><span class=\"titlos\">BELGIUM &#8211; AGIM<\/span><\/a><br \/>\nDescription: Belgian Pharmaceutical Industry Association (Association G\u00e9n\u00e9rale de l&#8217; Industrie du M\u00e9dicament)<\/li>\n<li><span class=\"titlos\">FINLAND &#8211; FPIF<\/span><br \/>\nDescription: Finish Pharmaceutical Industry Federation<\/li>\n<li><a class=\"list\" href=\"http:\/\/www.leem.org\" target=\"_blank\"><span class=\"titlos\">FRANCE- LEEM<\/span><\/a><br \/>\nDescription: Les Entreprises du M\u00e9dicaments<\/li>\n<li><a class=\"list\" href=\"http:\/\/www.vfa.de\/\" target=\"_blank\"><span class=\"titlos\">GERMANY- BPI<\/span><\/a><br \/>\nDescription: Verband Forschender Arzneimittelhersteller e.V.<br \/>\nDate added: 17, September, 2004<\/li>\n<li><a class=\"list\" href=\"http:\/\/www.nefarma.nl\/intro.html\" target=\"_blank\"><span class=\"titlos\">HOLLAND &#8211; NEFARMA<\/span><\/a><br \/>\nDescription: Nederlandse Vereniging van de Innoverende Farmaceutische Industrie<\/li>\n<li><a class=\"list\" href=\"http:\/\/\" target=\"_blank\"><span class=\"titlos\">IRLAND-IPHA<\/span><\/a><br \/>\nDescription: www.ipha.ie<br \/>\nDate added: 17, September, 2004<\/li>\n<li><a class=\"list\" href=\"http:\/\/www.farmindustria.it\/farmindustria\/html\/index.asp\" target=\"_blank\"><span class=\"titlos\">ITALY-FARMINDUSTRIA<\/span><\/a><br \/>\nDescription: Associazione Nazionale dell&#8217; Industria Farmaceutica<br \/>\nDate added: 17, September, 2004<\/li>\n<li><a class=\"list\" href=\"http:\/\/www.lmi.no\/dt_front_alt2.asp?gid=128&amp;aid=&amp;tgid=&amp;amid=&amp;g128=x&amp;g91=x\" target=\"_blank\"><span class=\"titlos\">NORWAY-LMI<\/span><\/a><br \/>\nDescription: Legemiddelindustrif<\/li>\n<li><a class=\"list\" href=\"http:\/\/www.apifarma.pt\/\" target=\"_blank\"><span class=\"titlos\">PORTUGAL-APIFARMA<\/span><\/a><br \/>\nDescription: Associacao Portuguesa da Industria Farmaceutica<\/li>\n<li><a class=\"list\" href=\"http:\/\/www.lif.se\/\" target=\"_blank\"><span class=\"titlos\">SWEDEN &#8211; LIF<\/span><\/a><br \/>\nDescription: Lakemedelsindustriforeningen<\/li>\n<li><a class=\"list\" href=\"http:\/\/interpharma.ch\/de\/index.asp\" target=\"_blank\"><span class=\"titlos\">SWITZERLAND &#8211; INTERPHARMA<\/span><\/a><br \/>\nDescription: Switzerland<\/li>\n<li><a class=\"list\" href=\"http:\/\/www.abpi.org.uk\/\" target=\"_blank\"><span class=\"titlos\">UK- ABPI<\/span><\/a><br \/>\nDescription: Association of the British Pharmaceutical Industry<\/li>\n<li><span class=\"titlos\">SPAIN-FARMAINDUSTRIA<\/span><br \/>\nDescription: &#8211;<\/li>\n<\/ul>\n<p>[\/et_pb_text][\/et_pb_column][\/et_pb_row][\/et_pb_section]<\/p>\n","protected":false},"excerpt":{"rendered":"<p><div class=\"et_pb_row et_pb_row_0 et_pb_row_empty\">\n\t\t\t\t\n\t\t\t\t\n\t\t\t\t\n\t\t\t\t\n\t\t\t\t\n\t\t\t<\/div><div class=\"et_pb_row et_pb_row_1 et_pb_row_empty\">\n\t\t\t\t\n\t\t\t\t\n\t\t\t\t\n\t\t\t\t\n\t\t\t\t\n\t\t\t<\/div> EFPIA Description: European Federation of Pharmaceutical Industries and Associations IFPMA Description: International Federation of Pharmaceutical Manufacturers Association PhRMA Description: Pharmaceutical Research and Manufacturers of America AGENCIES European Commisssion WHO Description: World Health Organisation EMEA Description : European Medicines Agency FDA Description : U.S. Food and Drug Administration HMA Description : Heads of Medicines Agencies [&hellip;]<\/p>\n","protected":false},"author":1,"featured_media":0,"parent":0,"menu_order":0,"comment_status":"open","ping_status":"open","template":"","meta":{"_et_pb_use_builder":"on","_et_pb_old_content":"","_et_gb_content_width":"","footnotes":""},"_links":{"self":[{"href":"http:\/\/kefea.org.cy\/el\/wp-json\/wp\/v2\/pages\/473"}],"collection":[{"href":"http:\/\/kefea.org.cy\/el\/wp-json\/wp\/v2\/pages"}],"about":[{"href":"http:\/\/kefea.org.cy\/el\/wp-json\/wp\/v2\/types\/page"}],"author":[{"embeddable":true,"href":"http:\/\/kefea.org.cy\/el\/wp-json\/wp\/v2\/users\/1"}],"replies":[{"embeddable":true,"href":"http:\/\/kefea.org.cy\/el\/wp-json\/wp\/v2\/comments?post=473"}],"version-history":[{"count":5,"href":"http:\/\/kefea.org.cy\/el\/wp-json\/wp\/v2\/pages\/473\/revisions"}],"predecessor-version":[{"id":661,"href":"http:\/\/kefea.org.cy\/el\/wp-json\/wp\/v2\/pages\/473\/revisions\/661"}],"wp:attachment":[{"href":"http:\/\/kefea.org.cy\/el\/wp-json\/wp\/v2\/media?parent=473"}],"curies":[{"name":"wp","href":"https:\/\/api.w.org\/{rel}","templated":true}]}}